{"id":770,"date":"2022-12-22T12:24:28","date_gmt":"2022-12-22T11:24:28","guid":{"rendered":"http:\/\/3elementsrc.de\/?page_id=770"},"modified":"2023-01-12T08:33:40","modified_gmt":"2023-01-12T07:33:40","slug":"scaler-crawler-hang","status":"publish","type":"page","link":"http:\/\/3elementsrc.de\/?page_id=770","title":{"rendered":"Kletter-Hang"},"content":{"rendered":"\n<p class=\"txt-block\">Der Kletter-Hang ist unser Gel\u00e4nde f\u00fcr RC Scaler und Crawler. Hier steht die Geschicklichkeit im Vordergrund. Aktuell ist der Parcours in drei Areale unterteilt, einem l\u00e4ngeren Schlauch mit diversen Hindernissen, dem Hang mit Serpentinen und oberhalb des Hangs ein Plateau. Ein Besonderes Highlight ist die Schwebef\u00e4hre, die den Hindernisschlauch und den Hang verbindet.<\/p>\n\n\n\n<p class=\"txt-block\">Wir legen viel Wert auf ein stimmungsvolles Ambiente beim Scalen, daher haben wir neben der Schwebef\u00e4hre, die K\u00f6hlbrandbr\u00fccke, ein Bergkaffee, verschiedene Br\u00fccken und Geschicklichkeitswippen, ein Parkhaus und ein Ferienlager.<\/p>\n\n\n\n<p class=\"txt-block\">Aktuell werden weitere Geb\u00e4ude gebaut, beispielsweise eine Tankstelle, das Vereinsheim des 3Elements RC e.V. und eine Jagdh\u00fctte.<\/p>\n\n\n\n<p class=\"txt-block\">Die Abschnitte sind sowohl f\u00fcr Einsteiger als auch f\u00fcr Fortgeschrittene geeignet. Der Parcours befindet sich im st\u00e4ndigen Ausbau und Wandel. Geplant ist eine Verdoppelung des Areals zu Norddeutschlands gr\u00f6\u00dftem Scalerparcours. <\/p>\n\n\n\n<p class=\"txtx-block\"><br>-&gt; zur\u00fcck zur <a href=\"http:\/\/3elementsrc.de\/?page_id=30\">\u00dcbersicht<\/a><\/p>\n","protected":false},"excerpt":{"rendered":"<p>Der Kletter-Hang ist unser Gel\u00e4nde f\u00fcr RC Scaler und Crawler. Hier steht die Geschicklichkeit im&#8230;<\/p>\n","protected":false},"author":1,"featured_media":0,"parent":0,"menu_order":0,"comment_status":"closed","ping_status":"closed","template":"","meta":{"ngg_post_thumbnail":0,"footnotes":""},"class_list":["post-770","page","type-page","status-publish","hentry"],"_links":{"self":[{"href":"http:\/\/3elementsrc.de\/index.php?rest_route=\/wp\/v2\/pages\/770","targetHints":{"allow":["GET"]}}],"collection":[{"href":"http:\/\/3elementsrc.de\/index.php?rest_route=\/wp\/v2\/pages"}],"about":[{"href":"http:\/\/3elementsrc.de\/index.php?rest_route=\/wp\/v2\/types\/page"}],"author":[{"embeddable":true,"href":"http:\/\/3elementsrc.de\/index.php?rest_route=\/wp\/v2\/users\/1"}],"replies":[{"embeddable":true,"href":"http:\/\/3elementsrc.de\/index.php?rest_route=%2Fwp%2Fv2%2Fcomments&post=770"}],"version-history":[{"count":8,"href":"http:\/\/3elementsrc.de\/index.php?rest_route=\/wp\/v2\/pages\/770\/revisions"}],"predecessor-version":[{"id":882,"href":"http:\/\/3elementsrc.de\/index.php?rest_route=\/wp\/v2\/pages\/770\/revisions\/882"}],"wp:attachment":[{"href":"http:\/\/3elementsrc.de\/index.php?rest_route=%2Fwp%2Fv2%2Fmedia&parent=770"}],"curies":[{"name":"wp","href":"https:\/\/api.w.org\/{rel}","templated":true}]}}