{"id":62,"date":"2022-11-18T15:34:06","date_gmt":"2022-11-18T14:34:06","guid":{"rendered":"http:\/\/3elementsrc.de\/?page_id=62"},"modified":"2022-12-26T19:29:23","modified_gmt":"2022-12-26T18:29:23","slug":"wer-sind-wir","status":"publish","type":"page","link":"http:\/\/3elementsrc.de\/?page_id=62","title":{"rendered":"Wer sind wir"},"content":{"rendered":"\n<p class=\"txt-block\">Wir sind ein Modellbauverein im S\u00fcden von Hamburg, genauer gesagt in Harburg. Wir sind zu Land, zu Wasser und in der Luft unterwegs und vereinen die Sparten RC-Car, RC-Schiffe\/Boote und RC-Modellflug unter einem Dach.<\/p>\n\n\n<div class=\"wp-block-image\">\n<figure class=\"aligncenter size-full\"><img loading=\"lazy\" decoding=\"async\" width=\"200\" height=\"194\" src=\"http:\/\/3elementsrc.de\/wp-content\/uploads\/2022\/11\/3e_logo_transparent_v3_sol_200px-1.png\" alt=\"\" class=\"wp-image-294\"\/><\/figure>\n<\/div>\n\n\n<p class=\"txt-block\">Du suchst Hilfe, Leute in deiner N\u00e4he, um gemeinsam Spa\u00df am Hobby zu haben, Ideen auszutauschen oder einfach nur zum Fachsimpeln? Dann bist du bei uns genau richtig!<\/p>\n\n\n\n<p class=\"txt-block\">Neben unseren RC-Car Rennen und anderen Versanstaltungen zu denen du recht herzlich eingeladen bist, kannst du auch zu den \u00d6ffnungszeiten des RC Motorsportparks Harburg vorbeischauen. Der RC Motorsportpark Harburg betreibt das Gel\u00e4nde auf dem wir, der Verein 3Elements RC e.V. und dessen Mitglieder, unser Hobby ausleben k\u00f6nnen. <\/p>\n\n\n\n<p class=\"txt-block\">Unsere vereinsinternen Trainingstage werden \u00fcber eine Whatsapp-Gruppe kommuniziert. Wir starten in der Regel im Fr\u00fchling, wenn das Wetter best\u00e4ndiger wird und fahren dann bis in den Sp\u00e4therbst. Dar\u00fcber hinaus veranstalten wir jeden zweiten Freitag im Monat einen Clubabend an dem wir an unseren Modellen bauen.<\/p>\n\n\n\n<p>Wir freuen uns auf deinen Besuch.<\/p>\n","protected":false},"excerpt":{"rendered":"<p>Wir sind ein Modellbauverein im S\u00fcden von Hamburg, genauer gesagt in Harburg. Wir sind zu&#8230;<\/p>\n","protected":false},"author":1,"featured_media":0,"parent":0,"menu_order":0,"comment_status":"closed","ping_status":"closed","template":"","meta":{"ngg_post_thumbnail":0,"footnotes":""},"class_list":["post-62","page","type-page","status-publish","hentry"],"_links":{"self":[{"href":"http:\/\/3elementsrc.de\/index.php?rest_route=\/wp\/v2\/pages\/62","targetHints":{"allow":["GET"]}}],"collection":[{"href":"http:\/\/3elementsrc.de\/index.php?rest_route=\/wp\/v2\/pages"}],"about":[{"href":"http:\/\/3elementsrc.de\/index.php?rest_route=\/wp\/v2\/types\/page"}],"author":[{"embeddable":true,"href":"http:\/\/3elementsrc.de\/index.php?rest_route=\/wp\/v2\/users\/1"}],"replies":[{"embeddable":true,"href":"http:\/\/3elementsrc.de\/index.php?rest_route=%2Fwp%2Fv2%2Fcomments&post=62"}],"version-history":[{"count":8,"href":"http:\/\/3elementsrc.de\/index.php?rest_route=\/wp\/v2\/pages\/62\/revisions"}],"predecessor-version":[{"id":850,"href":"http:\/\/3elementsrc.de\/index.php?rest_route=\/wp\/v2\/pages\/62\/revisions\/850"}],"wp:attachment":[{"href":"http:\/\/3elementsrc.de\/index.php?rest_route=%2Fwp%2Fv2%2Fmedia&parent=62"}],"curies":[{"name":"wp","href":"https:\/\/api.w.org\/{rel}","templated":true}]}}