{"id":501,"date":"2022-12-01T11:01:24","date_gmt":"2022-12-01T10:01:24","guid":{"rendered":"http:\/\/3elementsrc.de\/?page_id=501"},"modified":"2024-03-24T13:38:38","modified_gmt":"2024-03-24T12:38:38","slug":"clubabend","status":"publish","type":"page","link":"http:\/\/3elementsrc.de\/?page_id=501","title":{"rendered":"Clubabende"},"content":{"rendered":"\n<p>In der kalten Jahreszeit treffen wir uns regelm\u00e4\u00dfig in unserem Vereinsheim. Bei unseren Clubabenden tauschen wir uns gegenseitig aus, diskutieren \u00fcber neue Modellbautrends und schrauben an unseren Modellen. <\/p>\n\n\n\n<p>Auch die Planung unserer Events f\u00fcr das kommende Halbjahr sowie die Detailabstimmung der anstehenden Veranstaltungender wird bei unseren Clubabenden besprochen.  <\/p>\n\n\n\n<p>Wir unterst\u00fctzen auch gerne Mitglieder und Modellbaubegeisterte in der Auswahl ihrer Modelle oder bei der Anschaffung von RC Komponenten und teilen Tipps &amp; Tricks unserer erfahrenen Mitglieder. <\/p>\n\n\n\n<h4 class=\"wp-block-heading\">Unsere n\u00e4chsten Clubabende:<\/h4>\n\n\n\n<div class=\"wp-block-columns is-layout-flex wp-container-core-columns-is-layout-9d6595d7 wp-block-columns-is-layout-flex\">\n<div class=\"wp-block-column is-layout-flow wp-block-column-is-layout-flow\" style=\"flex-basis:25%\"><\/div>\n\n\n\n<div class=\"wp-block-column is-layout-flow wp-block-column-is-layout-flow\" style=\"flex-basis:50%\">\n<h3 class=\"wp-block-heading has-text-align-center\"><strong>Clubabende<\/strong><\/h3>\n\n\n\n<p class=\"has-text-align-center border-left-right-green\">Clubabende ab April <br>an jedem 2. Freitag des Monats<\/p>\n\n\n\n<h3 class=\"wp-block-heading has-text-align-center\"><\/h3>\n<\/div>\n\n\n\n<div class=\"wp-block-column is-layout-flow wp-block-column-is-layout-flow\" style=\"flex-basis:25%\"><\/div>\n<\/div>\n\n\n\n<p><\/p>\n","protected":false},"excerpt":{"rendered":"<p>In der kalten Jahreszeit treffen wir uns regelm\u00e4\u00dfig in unserem Vereinsheim. Bei unseren Clubabenden tauschen&#8230;<\/p>\n","protected":false},"author":1,"featured_media":0,"parent":0,"menu_order":0,"comment_status":"closed","ping_status":"closed","template":"","meta":{"ngg_post_thumbnail":0,"footnotes":""},"class_list":["post-501","page","type-page","status-publish","hentry"],"_links":{"self":[{"href":"http:\/\/3elementsrc.de\/index.php?rest_route=\/wp\/v2\/pages\/501","targetHints":{"allow":["GET"]}}],"collection":[{"href":"http:\/\/3elementsrc.de\/index.php?rest_route=\/wp\/v2\/pages"}],"about":[{"href":"http:\/\/3elementsrc.de\/index.php?rest_route=\/wp\/v2\/types\/page"}],"author":[{"embeddable":true,"href":"http:\/\/3elementsrc.de\/index.php?rest_route=\/wp\/v2\/users\/1"}],"replies":[{"embeddable":true,"href":"http:\/\/3elementsrc.de\/index.php?rest_route=%2Fwp%2Fv2%2Fcomments&post=501"}],"version-history":[{"count":36,"href":"http:\/\/3elementsrc.de\/index.php?rest_route=\/wp\/v2\/pages\/501\/revisions"}],"predecessor-version":[{"id":1138,"href":"http:\/\/3elementsrc.de\/index.php?rest_route=\/wp\/v2\/pages\/501\/revisions\/1138"}],"wp:attachment":[{"href":"http:\/\/3elementsrc.de\/index.php?rest_route=%2Fwp%2Fv2%2Fmedia&parent=501"}],"curies":[{"name":"wp","href":"https:\/\/api.w.org\/{rel}","templated":true}]}}