{"id":30,"date":"2022-11-18T09:52:30","date_gmt":"2022-11-18T08:52:30","guid":{"rendered":"http:\/\/3elementsrc.de\/?page_id=30"},"modified":"2023-08-12T20:01:06","modified_gmt":"2023-08-12T18:01:06","slug":"strecken","status":"publish","type":"page","link":"http:\/\/3elementsrc.de\/?page_id=30","title":{"rendered":"Strecken"},"content":{"rendered":"\n<p class=\"txt-block\">Der Verein 3Elements RC e.V. hat seine Homebase auf dem Gel\u00e4nde des RC Motorsportpark Harburg. Unsere Mitglieder k\u00f6nnen alle Strecken kostenlos befahren. Aktuell stehen folgende Strecken zur Verf\u00fcgung.<\/p>\n\n\n\n<ul class=\"wp-block-list\">\n<li><a href=\"http:\/\/3elementsrc.de\/?page_id=160\">Hells Kitchen<\/a> (f\u00fcr Offroad)<\/li>\n\n\n\n<li><a href=\"http:\/\/3elementsrc.de\/?page_id=222\">Dirt Parcours<\/a> (f\u00fcr Offroad, Stock-Car und Rallye)<\/li>\n\n\n\n<li><a href=\"http:\/\/3elementsrc.de\/?page_id=770\">Kletter-Hang<\/a> (f\u00fcr Scaler und Crawler)<\/li>\n<\/ul>\n\n\n\n<p>\u00dcber die obigen Links gelangt man zu den detaillierten Vorstellungen der Strecken. Beschreibung und Bilder k\u00f6nnen das Ausprobieren nicht ersetzen, daher kommt doch einfach vorbei und testet unsere Strecken aus. <\/p>\n","protected":false},"excerpt":{"rendered":"<p>Der Verein 3Elements RC e.V. hat seine Homebase auf dem Gel\u00e4nde des RC Motorsportpark Harburg&#8230;.<\/p>\n","protected":false},"author":1,"featured_media":0,"parent":0,"menu_order":0,"comment_status":"closed","ping_status":"closed","template":"","meta":{"ngg_post_thumbnail":0,"footnotes":""},"class_list":["post-30","page","type-page","status-publish","hentry"],"_links":{"self":[{"href":"http:\/\/3elementsrc.de\/index.php?rest_route=\/wp\/v2\/pages\/30","targetHints":{"allow":["GET"]}}],"collection":[{"href":"http:\/\/3elementsrc.de\/index.php?rest_route=\/wp\/v2\/pages"}],"about":[{"href":"http:\/\/3elementsrc.de\/index.php?rest_route=\/wp\/v2\/types\/page"}],"author":[{"embeddable":true,"href":"http:\/\/3elementsrc.de\/index.php?rest_route=\/wp\/v2\/users\/1"}],"replies":[{"embeddable":true,"href":"http:\/\/3elementsrc.de\/index.php?rest_route=%2Fwp%2Fv2%2Fcomments&post=30"}],"version-history":[{"count":13,"href":"http:\/\/3elementsrc.de\/index.php?rest_route=\/wp\/v2\/pages\/30\/revisions"}],"predecessor-version":[{"id":1074,"href":"http:\/\/3elementsrc.de\/index.php?rest_route=\/wp\/v2\/pages\/30\/revisions\/1074"}],"wp:attachment":[{"href":"http:\/\/3elementsrc.de\/index.php?rest_route=%2Fwp%2Fv2%2Fmedia&parent=30"}],"curies":[{"name":"wp","href":"https:\/\/api.w.org\/{rel}","templated":true}]}}