{"id":160,"date":"2022-11-24T11:46:01","date_gmt":"2022-11-24T10:46:01","guid":{"rendered":"http:\/\/3elementsrc.de\/?page_id=160"},"modified":"2022-12-26T10:59:13","modified_gmt":"2022-12-26T09:59:13","slug":"offroad-strecke","status":"publish","type":"page","link":"http:\/\/3elementsrc.de\/?page_id=160","title":{"rendered":"Offroad-Strecke"},"content":{"rendered":"\n<figure class=\"wp-block-image size-large\"><img loading=\"lazy\" decoding=\"async\" width=\"1024\" height=\"416\" src=\"http:\/\/3elementsrc.de\/wp-content\/uploads\/2022\/12\/hells-kitchen_panorama_web-1024x416.jpg\" alt=\"\" class=\"wp-image-791\" srcset=\"http:\/\/3elementsrc.de\/wp-content\/uploads\/2022\/12\/hells-kitchen_panorama_web-1024x416.jpg 1024w, http:\/\/3elementsrc.de\/wp-content\/uploads\/2022\/12\/hells-kitchen_panorama_web-300x122.jpg 300w, http:\/\/3elementsrc.de\/wp-content\/uploads\/2022\/12\/hells-kitchen_panorama_web-768x312.jpg 768w, http:\/\/3elementsrc.de\/wp-content\/uploads\/2022\/12\/hells-kitchen_panorama_web-1536x624.jpg 1536w, http:\/\/3elementsrc.de\/wp-content\/uploads\/2022\/12\/hells-kitchen_panorama_web.jpg 1596w\" sizes=\"auto, (max-width: 1024px) 100vw, 1024px\" \/><\/figure>\n\n\n\n<p><\/p>\n\n\n\n<p><strong>STRECKENDATEN<\/strong><\/p>\n\n\n\n<figure class=\"wp-block-table table_no_border\"><table><tbody><tr><td width=\"25%\">Streckenl\u00e4nge:<\/td><td>235 m<\/td><\/tr><tr><td>Streckenbreite:<\/td><td>3 m<\/td><\/tr><tr><td>Oberfl\u00e4che:<\/td><td>Kunstrasen<\/td><\/tr><tr><td>Empfohlene RC-Cars:<\/td><td>Offroad 1:8 und 1:10<\/td><\/tr><\/tbody><\/table><\/figure>\n\n\n\n<h3 class=\"wp-block-heading\">&#8220;Hells Kitchen&#8221;<\/h3>\n\n\n\n<p class=\"txt-block\">Unsere erste Strecke im RC Motorsportpark Harburg war die &#8220;Hells Kitchen&#8221;. Den Namen verdankt sie der tiefen Lage im Tal und der roten Streckenbegrenzung. Gefahren wird ausschlie\u00dflich auf Kunstrasen.<\/p>\n\n\n\n<p class=\"txt-block\">Auf 1296 m<sup>2<\/sup> schl\u00e4ngelt sich die Strecke mit ca. 235 m L\u00e4nge \u00fcber das Gel\u00e4nde und ist somit auch die gr\u00f6\u00dfte Strecke im Park. Die Fahrbahn ist \u00fcberwiegend 3 m breit und verj\u00fcngt sich an drei Stellen um ca. 15% auf 2,5 m.<\/p>\n\n\n\n<div class=\"wp-block-columns is-layout-flex wp-container-core-columns-is-layout-9d6595d7 wp-block-columns-is-layout-flex\">\n<div class=\"wp-block-column is-layout-flow wp-block-column-is-layout-flow\">\n<figure class=\"wp-block-image size-large\"><img loading=\"lazy\" decoding=\"async\" width=\"1024\" height=\"683\" src=\"http:\/\/3elementsrc.de\/wp-content\/uploads\/2022\/12\/hells-kitchen_01_web-1024x683.jpg\" alt=\"\" class=\"wp-image-795\" srcset=\"http:\/\/3elementsrc.de\/wp-content\/uploads\/2022\/12\/hells-kitchen_01_web-1024x683.jpg 1024w, http:\/\/3elementsrc.de\/wp-content\/uploads\/2022\/12\/hells-kitchen_01_web-300x200.jpg 300w, http:\/\/3elementsrc.de\/wp-content\/uploads\/2022\/12\/hells-kitchen_01_web-768x512.jpg 768w, http:\/\/3elementsrc.de\/wp-content\/uploads\/2022\/12\/hells-kitchen_01_web-1536x1024.jpg 1536w, http:\/\/3elementsrc.de\/wp-content\/uploads\/2022\/12\/hells-kitchen_01_web.jpg 1920w\" sizes=\"auto, (max-width: 1024px) 100vw, 1024px\" \/><\/figure>\n<\/div>\n\n\n\n<div class=\"wp-block-column is-layout-flow wp-block-column-is-layout-flow\">\n<figure class=\"wp-block-image size-large\"><img loading=\"lazy\" decoding=\"async\" width=\"1024\" height=\"683\" src=\"http:\/\/3elementsrc.de\/wp-content\/uploads\/2022\/12\/hells-kitchen_02_web-1024x683.jpg\" alt=\"\" class=\"wp-image-794\" srcset=\"http:\/\/3elementsrc.de\/wp-content\/uploads\/2022\/12\/hells-kitchen_02_web-1024x683.jpg 1024w, http:\/\/3elementsrc.de\/wp-content\/uploads\/2022\/12\/hells-kitchen_02_web-300x200.jpg 300w, http:\/\/3elementsrc.de\/wp-content\/uploads\/2022\/12\/hells-kitchen_02_web-768x512.jpg 768w, http:\/\/3elementsrc.de\/wp-content\/uploads\/2022\/12\/hells-kitchen_02_web-1536x1024.jpg 1536w, http:\/\/3elementsrc.de\/wp-content\/uploads\/2022\/12\/hells-kitchen_02_web.jpg 1920w\" sizes=\"auto, (max-width: 1024px) 100vw, 1024px\" \/><\/figure>\n<\/div>\n<\/div>\n\n\n\n<p class=\"txt-block\">Auf der Streckenf\u00fchrung befinden sich zwei Eck-Table, zwei unterschiedlich lange und hohe Sprung-Table, eine Doppelwelle, eine Steilwand und eine Steilkurve.<\/p>\n\n\n\n<p class=\"txt-block\">Die &#8220;Hells Kitchen&#8221; ist aktuell auch der Austragungsort der MSP-Offroad Series und diverser FunCups.<\/p>\n\n\n\n<p><br>-&gt; zur\u00fcck zur <a href=\"http:\/\/3elementsrc.de\/?page_id=30\">\u00dcbersicht<\/a><\/p>\n","protected":false},"excerpt":{"rendered":"<p>STRECKENDATEN Streckenl\u00e4nge: 235 m Streckenbreite: 3 m Oberfl\u00e4che: Kunstrasen Empfohlene RC-Cars: Offroad 1:8 und 1:10&#8230;<\/p>\n","protected":false},"author":1,"featured_media":0,"parent":0,"menu_order":0,"comment_status":"closed","ping_status":"closed","template":"","meta":{"ngg_post_thumbnail":0,"footnotes":""},"class_list":["post-160","page","type-page","status-publish","hentry"],"_links":{"self":[{"href":"http:\/\/3elementsrc.de\/index.php?rest_route=\/wp\/v2\/pages\/160","targetHints":{"allow":["GET"]}}],"collection":[{"href":"http:\/\/3elementsrc.de\/index.php?rest_route=\/wp\/v2\/pages"}],"about":[{"href":"http:\/\/3elementsrc.de\/index.php?rest_route=\/wp\/v2\/types\/page"}],"author":[{"embeddable":true,"href":"http:\/\/3elementsrc.de\/index.php?rest_route=\/wp\/v2\/users\/1"}],"replies":[{"embeddable":true,"href":"http:\/\/3elementsrc.de\/index.php?rest_route=%2Fwp%2Fv2%2Fcomments&post=160"}],"version-history":[{"count":12,"href":"http:\/\/3elementsrc.de\/index.php?rest_route=\/wp\/v2\/pages\/160\/revisions"}],"predecessor-version":[{"id":821,"href":"http:\/\/3elementsrc.de\/index.php?rest_route=\/wp\/v2\/pages\/160\/revisions\/821"}],"wp:attachment":[{"href":"http:\/\/3elementsrc.de\/index.php?rest_route=%2Fwp%2Fv2%2Fmedia&parent=160"}],"curies":[{"name":"wp","href":"https:\/\/api.w.org\/{rel}","templated":true}]}}